{"id":8123,"date":"2018-05-22T15:35:21","date_gmt":"2018-05-22T13:35:21","guid":{"rendered":"http:\/\/getriebe.eppinger.de\/?page_id=8123"},"modified":"2020-02-19T11:05:02","modified_gmt":"2020-02-19T09:05:02","slug":"imprint","status":"publish","type":"page","link":"https:\/\/getriebe.eppinger.de\/en\/imprint\/","title":{"rendered":"Imprint"},"content":{"rendered":"<div class=\"wpb-content-wrapper\"><p>[vc_row][vc_column][vc_column_text]<\/p>\n<h1>Imprint<\/h1>\n<p>[\/vc_column_text][\/vc_column][\/vc_row][vc_row][vc_column][vc_column_text]EGT Eppinger Getriebe Technologie GmbH<br \/>\nBreitwiesenweg 2-8<br \/>\n73770 Denkendorf, Germany<\/p>\n<p>Tel.: <a href=\"tel:+49711934934626\">+49 711 934 934-626<\/a><br \/>\nFax: +49 711 934 934-627<\/p>\n<p>E-Mail: info(at)eppinger-gears.com<\/p>\n<p>Handelsregister: HRB 721377 Stuttgart<br \/>\nUmsatzsteuer-Identnummer: DE 249269370<br \/>\nGesch\u00e4ftsf\u00fchrer: Uwe Eppinger<br \/>\nVerantwortlich f\u00fcr den Inhalt der Website: Uwe Eppinger[\/vc_column_text][\/vc_column][\/vc_row]<\/p>\n<\/div>","protected":false},"excerpt":{"rendered":"<p>[vc_row][vc_column][vc_column_text] Imprint [\/vc_column_text][\/vc_column][\/vc_row][vc_row][vc_column][vc_column_text]EGT Eppinger Getriebe Technologie GmbH Breitwiesenweg 2-8 73770 Denkendorf, Germany Tel.: +49 711 934 934-626 Fax: +49 711 934 934-627 E-Mail: info(at)eppinger-gears.com Handelsregister: HRB 721377 Stuttgart Umsatzsteuer-Identnummer: DE 249269370 Gesch\u00e4ftsf\u00fchrer: Uwe Eppinger Verantwortlich f\u00fcr den Inhalt der Website: Uwe Eppinger[\/vc_column_text][\/vc_column][\/vc_row]<\/p>\n","protected":false},"author":3,"featured_media":0,"parent":0,"menu_order":0,"comment_status":"closed","ping_status":"closed","template":"","meta":{"footnotes":""},"class_list":["post-8123","page","type-page","status-publish","hentry"],"_links":{"self":[{"href":"https:\/\/getriebe.eppinger.de\/en\/wp-json\/wp\/v2\/pages\/8123"}],"collection":[{"href":"https:\/\/getriebe.eppinger.de\/en\/wp-json\/wp\/v2\/pages"}],"about":[{"href":"https:\/\/getriebe.eppinger.de\/en\/wp-json\/wp\/v2\/types\/page"}],"author":[{"embeddable":true,"href":"https:\/\/getriebe.eppinger.de\/en\/wp-json\/wp\/v2\/users\/3"}],"replies":[{"embeddable":true,"href":"https:\/\/getriebe.eppinger.de\/en\/wp-json\/wp\/v2\/comments?post=8123"}],"version-history":[{"count":4,"href":"https:\/\/getriebe.eppinger.de\/en\/wp-json\/wp\/v2\/pages\/8123\/revisions"}],"predecessor-version":[{"id":8300,"href":"https:\/\/getriebe.eppinger.de\/en\/wp-json\/wp\/v2\/pages\/8123\/revisions\/8300"}],"wp:attachment":[{"href":"https:\/\/getriebe.eppinger.de\/en\/wp-json\/wp\/v2\/media?parent=8123"}],"curies":[{"name":"wp","href":"https:\/\/api.w.org\/{rel}","templated":true}]}}